{"id":52,"date":"2022-12-30T15:39:42","date_gmt":"2022-12-30T14:39:42","guid":{"rendered":"https:\/\/3nach3-ch.preview-domain.com\/?page_id=52"},"modified":"2023-01-11T15:23:04","modified_gmt":"2023-01-11T14:23:04","slug":"drue-weekend-2004","status":"publish","type":"page","link":"https:\/\/3nach3.ch\/?page_id=52","title":{"rendered":"DR\u00dc Weekend 2004"},"content":{"rendered":"\n<p class=\"has-black-color has-cyan-bluish-gray-background-color has-text-color has-background\"><strong>28.\/29. August 2004 in Rust (D)<\/strong><\/p>\n\n\n\n<p class=\"has-black-color has-cyan-bluish-gray-background-color has-text-color has-background\">Auch in diesem Jahr war Ruedi Badertscher wieder bereit ein Weekend zu organisieren, \u00fcber welches wir nur die Eckdaten wussten. Er teilte uns in einem kurzen Brief mit wann und wo wir uns treffen w\u00fcrden und dass wir ID\/Pass und Euros einpacken sollten. Zudem schrieb er noch, dass wir&nbsp;<strong>das Kind im Manne wecken<\/strong>&nbsp;wollen! Dies gab Anlass zu Spekulationen und das Ausflugsziel Europapark fiel tats\u00e4chlich mehrere Male im Vorfeld des Weekends!<br>Wie auch immer! Am Samstag Morgen um 8 Uhr hatten wir uns bei Ruedi zu Hause zu treffen (1. offizieller Anlass!). Dort erwartete uns ein reich gedeckter Tisch mit allem was der Magen am Morgen fr\u00fch begehrt. Allerdings hatten Einzelne noch etwas Probleme mit der Nahrungsaufnahme, da im Magen noch etwas vom Vorabend rumorte! An dieser Stelle einen herzlichen Dank nicht nur an Ruedi sondern auch an Jacqueline f\u00fcr den Gaumenschmaus &#8211; es sollte \u00fcbrigens an diesem Weekend nicht der letzte bleiben! Ca. um 9 Uhr war der Mietbus beladen und alle Teilnehmer hatten Platz genommen. Inzwischen wussten wir auch offiziell, dass es nach Rust gehen sollte.<br>Die Stimmung w\u00e4hrend der Fahrt war wie gewohnt ausgelassen, auch wenn dies einige nicht vom Pennen abhalten konnte, g\u00e4u Uel\u00e4! Es wurden Tageszeitungen verschlungen, mehr oder weniger tiefsch\u00fcrfende Gespr\u00e4che gef\u00fchrt und andere hatten schlicht mit den zu langen Beinen oder zu breiten Oberk\u00f6rpern zu k\u00e4mpfen. Nach rund 3 Stunden Fahrt erreichten wir schliesslich den Europapark und checkten im Hotel &#8222;El Andaluz&#8220; direkt im Park ein. Doch wir hatten keine Zeit die Zimmer zu beziehn, es zog alle sofort in den Park hinein.<br>Und wir legten gleich mit dem Oberkn\u00fcller los. Wir bahnten uns einen Weg zum Highlighe des Parks, dem &#8222;Silver Star&#8220;. Die Wartezeit von 35 Minuten konnte uns nicht davon abhalten. Doch wie wir w\u00e4hrend dem Weekend feststellten sind diese Wartezeiten sowieso immer in dieser Region angesiedelt! Nun aber zur\u00fcck zum Silver Star. Wir konnten immer wieder aus anderen Perspektiven sehen was uns erwarten w\u00fcrde und zumindest bei mir schnellte der Adrenalin-Spiegel ins Unermessliche als wir in der Bahn sassen und die ca. 70 Meter in die H\u00f6he fuhren um den notwendigen Schwung f\u00fcr die Bahn zu holen. Was unterwegs alles passiert ist sehr schwer zu beschreiben, kurz gesagt: es sch\u00fcttelt gewaltig! Doch das Erlebnis war es wert.<br>Danach gab es mehrere Gruppen; die einen gingen im Anschluss zum Eurosat, andere hatten sich bereits vorher abgesetzt und die 3. Gruppe suchte sich nach dem Silver Star gem\u00fctlichere Bahnen aus wie z.B, das Fjord Rafting, eine Mississippifahrt oder die Schweizer Bobbahn. Wobei wir beim Fjord Rafting auch auf unsere Kosten kamen, zumindest in bezug auf nasse Kleider. Aufgrund unseres betr\u00e4chtlichen Kampfgewichtes brachten wir den &#8222;Ponton&#8220; ziemlich ins schwanken und dies hatte im Wildwasser zur Folge, dass ziemliche Wasserf\u00f6nt\u00e4nen ins Boot \u00fcberschwappten. Aber es war eine Riesengaudi!<br>Der 2. offizielle Anlass war das Nachtessen um 20 Uhr 30. Wir sassen an einer langen Tafel und bedienten uns am reichhaltigen Buffet. Das Buffet hatte derartige Ausmasse, dass man auch mit 2-3 Portionen des Hauptganges nicht einmal einen Drittel des gesamten Buffets geniessen konnte. Deshalb haben wir uns wohl auch alle sinnlos \u00fcberessen! Nach Speis und Trank gings weiter zur Bar, sowohl im Parterre wie auch in den 9. Stock des Hotels zu Frau Meier! Der Tag hatte aber seine Spuren hinterlassen und es zog viele bereits um Mitternacht in die Hotelzimmer, um an den Kissen zu horchen. Und es wartete ja noch ein Tag Europapark auf uns!<br>Einige waren richtig SilverStar-s\u00fcchtig geworden und gingen am Sonntag Morgen als Erstes gleich wieder auf dieses Ungeheuer. Andere liessen es gem\u00fctlicher angehen, schliefen einigermassen aus und fr\u00fchst\u00fcckten ausgiebig am wiederum fantastisch grossen Morgenbuffet. Der 3. offizielle Termin war der Treffpunkt in Italien gegen Mittag. Und wir erschufen mit unserem Wartespiel &#8222;Wer trifft den Papierkn\u00e4uel in den Becher?&#8220; gleich eine neue Attraktion im italienischen Dorf!<br>Nach dem Besuch der Geisterbahn, ergaben sich wieder mehrere Gruppen, die unterschiedliche Ziele verfolgten. Unsereins ging unter anderem nochmals auf das Fjord Rafting und diesmal wurden wir wirklich richtig geduscht! Danach war Erholung bei den Briten angesagt. Wir vergn\u00fcgten uns mit Pferderennen und erspielten uns mehr oder weniger h\u00e4ssliche Pl\u00fcschtierchen!<br>Doch auch dieser Ausflug neigte irgendwann einmal dem Ende zu und wir machten uns um 15 Uhr auf die Heimreise zur\u00fcck in die Schweiz. Nach reibungsloser Autofahrt erreichten wir um 17 Uhr 30 wieder die Eisenbahnstrasse bei Ruedi zu Hause. Dort trennten sich dann unsere Wege wieder, etwas m\u00fcder als am Samstag Morgen aber daf\u00fcr mit vielen wunderbaren Erinnerungen an dieses Weekend!<br>Zum Schluss noch dies:<br><strong>Merci R\u00fcedu, \u00e4s het gf\u00e4gt wi ne More!<\/strong><br>Joachim M\u00fcller, September 2004<\/p>\n","protected":false},"excerpt":{"rendered":"<p>28.\/29. August 2004 in Rust (D) Auch in diesem Jahr war Ruedi Badertscher wieder bereit ein Weekend zu organisieren, \u00fcber welches wir nur die Eckdaten wussten. Er teilte uns in einem kurzen Brief mit wann und wo wir uns treffen w\u00fcrden und dass wir ID\/Pass und Euros einpacken sollten. Zudem schrieb er noch, dass wir&nbsp;das [&hellip;]<\/p>\n","protected":false},"author":1,"featured_media":0,"parent":0,"menu_order":0,"comment_status":"closed","ping_status":"closed","template":"","meta":{"_regular_price":[],"currency_symbol":[],"footnotes":""},"class_list":["post-52","page","type-page","status-publish","hentry"],"post_slider_layout_featured_media_urls":{"thumbnail":"","post_slider_layout_landscape_large":"","post_slider_layout_portrait_large":"","post_slider_layout_square_large":"","post_slider_layout_landscape":"","post_slider_layout_portrait":"","post_slider_layout_square":"","full":""},"_links":{"self":[{"href":"https:\/\/3nach3.ch\/index.php?rest_route=\/wp\/v2\/pages\/52","targetHints":{"allow":["GET"]}}],"collection":[{"href":"https:\/\/3nach3.ch\/index.php?rest_route=\/wp\/v2\/pages"}],"about":[{"href":"https:\/\/3nach3.ch\/index.php?rest_route=\/wp\/v2\/types\/page"}],"author":[{"embeddable":true,"href":"https:\/\/3nach3.ch\/index.php?rest_route=\/wp\/v2\/users\/1"}],"replies":[{"embeddable":true,"href":"https:\/\/3nach3.ch\/index.php?rest_route=%2Fwp%2Fv2%2Fcomments&post=52"}],"version-history":[{"count":5,"href":"https:\/\/3nach3.ch\/index.php?rest_route=\/wp\/v2\/pages\/52\/revisions"}],"predecessor-version":[{"id":118,"href":"https:\/\/3nach3.ch\/index.php?rest_route=\/wp\/v2\/pages\/52\/revisions\/118"}],"wp:attachment":[{"href":"https:\/\/3nach3.ch\/index.php?rest_route=%2Fwp%2Fv2%2Fmedia&parent=52"}],"curies":[{"name":"wp","href":"https:\/\/api.w.org\/{rel}","templated":true}]}}