{"id":423,"date":"2025-10-07T20:44:46","date_gmt":"2025-10-07T19:44:46","guid":{"rendered":"https:\/\/3nach3.ch\/?page_id=423"},"modified":"2025-10-07T20:51:15","modified_gmt":"2025-10-07T19:51:15","slug":"3nach3","status":"publish","type":"page","link":"https:\/\/3nach3.ch\/?page_id=423","title":{"rendered":"3nach3"},"content":{"rendered":"\n<p>Das 3nach3 ist ein Gef\u00e4ss welches f\u00fcr die ehemaligen aktiven Spieler des DR\u00dc geschaffen wurde. Das Ziel ist es, sich auch ohne aktiven Sport zu treffen. Die Teilnehmer werden angehalten Events zu organisieren um sich Treffen zu k\u00f6nnen.<\/p>\n\n\n\n<p>Ein Fixer Event ist das ehemalige DR\u00dc Weekend in welchem dies viele Jahre Ruedi Badertscher organsiert hat, anschliessend noch ein Paar Jahre Jumbo. Die Events waren jeweils die reinste Geheimniskr\u00e4merei und die Aktivit\u00e4ten waren h\u00e4ufig solche, welche man nicht einfach so macht. Umso erstaunlicher, das nach so vielen Jahren immer noch \u00dcberraschungen m\u00f6glich sind. <\/p>\n\n\n\n<p>Ein weiterer Fixer Event ist das Weihnachstessen mit Jasstag. Ein paar Verr\u00fcckte treffen sich jeweils am Morgen und verbringen den Tag mit Jassen und allem was dazugeh\u00f6rt. Am Abend trifft sich die ganze Schar und geniesst das gemeinsame Essen. Der Kassier richtet meist noch ein Paar Worte an die Gemeinschaft, der Organisator ersucht die Gemeinschaft sich f\u00fcr die Organisation von Events stark zu machen. <\/p>\n","protected":false},"excerpt":{"rendered":"<p>Das 3nach3 ist ein Gef\u00e4ss welches f\u00fcr die ehemaligen aktiven Spieler des DR\u00dc geschaffen wurde. Das Ziel ist es, sich auch ohne aktiven Sport zu treffen. Die Teilnehmer werden angehalten Events zu organisieren um sich Treffen zu k\u00f6nnen. Ein Fixer Event ist das ehemalige DR\u00dc Weekend in welchem dies viele Jahre Ruedi Badertscher organsiert hat, [&hellip;]<\/p>\n","protected":false},"author":1,"featured_media":0,"parent":0,"menu_order":0,"comment_status":"closed","ping_status":"closed","template":"","meta":{"_regular_price":[],"currency_symbol":[],"footnotes":""},"class_list":["post-423","page","type-page","status-publish","hentry"],"post_slider_layout_featured_media_urls":{"thumbnail":"","post_slider_layout_landscape_large":"","post_slider_layout_portrait_large":"","post_slider_layout_square_large":"","post_slider_layout_landscape":"","post_slider_layout_portrait":"","post_slider_layout_square":"","full":""},"_links":{"self":[{"href":"https:\/\/3nach3.ch\/index.php?rest_route=\/wp\/v2\/pages\/423","targetHints":{"allow":["GET"]}}],"collection":[{"href":"https:\/\/3nach3.ch\/index.php?rest_route=\/wp\/v2\/pages"}],"about":[{"href":"https:\/\/3nach3.ch\/index.php?rest_route=\/wp\/v2\/types\/page"}],"author":[{"embeddable":true,"href":"https:\/\/3nach3.ch\/index.php?rest_route=\/wp\/v2\/users\/1"}],"replies":[{"embeddable":true,"href":"https:\/\/3nach3.ch\/index.php?rest_route=%2Fwp%2Fv2%2Fcomments&post=423"}],"version-history":[{"count":3,"href":"https:\/\/3nach3.ch\/index.php?rest_route=\/wp\/v2\/pages\/423\/revisions"}],"predecessor-version":[{"id":431,"href":"https:\/\/3nach3.ch\/index.php?rest_route=\/wp\/v2\/pages\/423\/revisions\/431"}],"wp:attachment":[{"href":"https:\/\/3nach3.ch\/index.php?rest_route=%2Fwp%2Fv2%2Fmedia&parent=423"}],"curies":[{"name":"wp","href":"https:\/\/api.w.org\/{rel}","templated":true}]}}